{"id":11910,"date":"2025-07-11T10:58:29","date_gmt":"2025-07-11T10:58:29","guid":{"rendered":"https:\/\/choice.de\/?page_id=11910"},"modified":"2025-07-11T13:39:57","modified_gmt":"2025-07-11T13:39:57","slug":"imprint-2","status":"publish","type":"page","link":"https:\/\/choice.de\/en\/imprint-2\/","title":{"rendered":"Imprint"},"content":{"rendered":"\t\t<div data-elementor-type=\"wp-page\" data-elementor-id=\"11910\" class=\"elementor elementor-11910\" data-elementor-post-type=\"page\">\n\t\t\t\t<div class=\"elementor-element elementor-element-977ed66 e-con-full e-flex e-con e-parent\" data-id=\"977ed66\" data-element_type=\"container\" data-settings=\"{&quot;jet_parallax_layout_list&quot;:[],&quot;animation_mobile&quot;:&quot;none&quot;}\">\n\t\t<div class=\"elementor-element elementor-element-bd1c97b e-con-full e-flex e-con e-child\" data-id=\"bd1c97b\" data-element_type=\"container\" id=\"custom-image-header\" data-settings=\"{&quot;background_background&quot;:&quot;classic&quot;,&quot;jet_parallax_layout_list&quot;:[],&quot;motion_fx_translateY_effect&quot;:&quot;yes&quot;,&quot;motion_fx_motion_fx_scrolling&quot;:&quot;yes&quot;,&quot;motion_fx_translateY_speed&quot;:{&quot;unit&quot;:&quot;px&quot;,&quot;size&quot;:4,&quot;sizes&quot;:[]},&quot;motion_fx_translateY_affectedRange&quot;:{&quot;unit&quot;:&quot;%&quot;,&quot;size&quot;:&quot;&quot;,&quot;sizes&quot;:{&quot;start&quot;:0,&quot;end&quot;:100}},&quot;motion_fx_devices&quot;:[&quot;desktop&quot;,&quot;laptop&quot;,&quot;tablet_extra&quot;,&quot;tablet&quot;,&quot;mobile_extra&quot;,&quot;mobile&quot;]}\">\n\t\t\t\t<\/div>\n\t\t\t\t<\/div>\n\t\t<div class=\"elementor-element elementor-element-17e186b4 e-flex e-con-boxed e-con e-parent\" data-id=\"17e186b4\" data-element_type=\"container\" data-settings=\"{&quot;jet_parallax_layout_list&quot;:[]}\">\n\t\t\t\t\t<div class=\"e-con-inner\">\n\t\t\t\t<div class=\"elementor-element elementor-element-ae78e1d elementor-widget elementor-widget-spacer\" data-id=\"ae78e1d\" data-element_type=\"widget\" data-widget_type=\"spacer.default\">\n\t\t\t\t<div class=\"elementor-widget-container\">\n\t\t\t\t\t\t\t<div class=\"elementor-spacer\">\n\t\t\t<div class=\"elementor-spacer-inner\"><\/div>\n\t\t<\/div>\n\t\t\t\t\t\t<\/div>\n\t\t\t\t<\/div>\n\t\t\t\t\t<\/div>\n\t\t\t\t<\/div>\n\t\t<div class=\"elementor-element elementor-element-37c3aa2 e-flex e-con-boxed e-con e-parent\" data-id=\"37c3aa2\" data-element_type=\"container\" data-settings=\"{&quot;jet_parallax_layout_list&quot;:[]}\">\n\t\t\t\t\t<div class=\"e-con-inner\">\n\t\t\t\t<div class=\"elementor-element elementor-element-2e76c6a elementor-widget elementor-widget-heading\" data-id=\"2e76c6a\" data-element_type=\"widget\" data-widget_type=\"heading.default\">\n\t\t\t\t<div class=\"elementor-widget-container\">\n\t\t\t\t\t<h1 class=\"elementor-heading-title elementor-size-default\">Cyberangriff mit Datendiebstahl auf die Choice AG. <\/h1>\t\t\t\t<\/div>\n\t\t\t\t<\/div>\n\t\t\t\t<div class=\"elementor-element elementor-element-32d8b4c elementor-widget elementor-widget-spacer\" data-id=\"32d8b4c\" data-element_type=\"widget\" data-widget_type=\"spacer.default\">\n\t\t\t\t<div class=\"elementor-widget-container\">\n\t\t\t\t\t\t\t<div class=\"elementor-spacer\">\n\t\t\t<div class=\"elementor-spacer-inner\"><\/div>\n\t\t<\/div>\n\t\t\t\t\t\t<\/div>\n\t\t\t\t<\/div>\n\t\t\t\t\t<\/div>\n\t\t\t\t<\/div>\n\t\t<div class=\"elementor-element elementor-element-f327718 e-flex e-con-boxed e-con e-parent\" data-id=\"f327718\" data-element_type=\"container\" data-settings=\"{&quot;jet_parallax_layout_list&quot;:[]}\">\n\t\t\t\t\t<div class=\"e-con-inner\">\n\t\t\t\t<div class=\"elementor-element elementor-element-c12a819 elementor-widget elementor-widget-text-editor\" data-id=\"c12a819\" data-element_type=\"widget\" data-widget_type=\"text-editor.default\">\n\t\t\t\t<div class=\"elementor-widget-container\">\n\t\t\t\t\t\t\t\t\t<p><span data-contrast=\"auto\">Die Choice AG wurde k\u00fcrzlich Opfer eines Cyberangriffs. In einer Zeit, in der solche Vorf\u00e4lle leider immer h\u00e4ufiger vorkommen, ist es uns wichtig, transparent zu kommunizieren und entschlossen zu handeln. Trotz unserer bereits hohen Sicherheitsstandards ist es den Angreifern gelungen, in unsere Systeme einzudringen und Daten zu entwenden.<\/span><span data-ccp-props=\"{&quot;335559738&quot;:240,&quot;335559739&quot;:240}\">\u00a0<\/span><\/p><p><span data-contrast=\"auto\">Dabei handelt es sich haupts\u00e4chlich um Daten, die mit unseren Fahrzeugen und gesch\u00e4ftlichen Abl\u00e4ufen zusammenh\u00e4ngen, wie etwa Rechnungskopien, Fahrzeuglisten und Vertragsinformationen. In einigen F\u00e4llen k\u00f6nnten auch sensiblere personenbezogene Daten betroffen sein, darunter Informationen im Zusammenhang mit der Abwicklung von Unfallsch\u00e4den, Bu\u00dfgeldverfahren und E-Mail-Korrespondenz.<\/span><span data-ccp-props=\"{&quot;335559738&quot;:240,&quot;335559739&quot;:240}\">\u00a0<\/span><\/p><p><span data-contrast=\"auto\">Eine Ver\u00f6ffentlichung dieser Daten oder eine Nutzung durch die Angreifer selbst k\u00f6nnte, je nach Art der entwendeten Daten, verschiedene Auswirkungen auf Betroffene haben. Personenbezogene Daten wie Namen, Adressen, Geburtsdaten oder Bankverbindungen k\u00f6nnen wom\u00f6glich genutzt werden, um im Namen der Betroffenen Transaktionen oder Vertragsabschl\u00fcsse durchzuf\u00fchren. Ebenso k\u00f6nnten diese Daten f\u00fcr Phishing-Angriffe verwendet werden, um weitere sensible Informationen oder Zugangsdaten zu erlangen. Daher ist es wichtig, aufmerksam gegen\u00fcber unerwarteten E-Mails oder Anrufen zu sein, die nach pers\u00f6nlichen Informationen fragen.\u202fDer Verlust pers\u00f6nlicher Informationen kann au\u00dferdem zu einer Beeintr\u00e4chtigung der Privatsph\u00e4re f\u00fchren. Sollten Bankverbindungen betroffen sein, kann das unautorisierte Transaktionen zur Folge haben. Daher empfehlen wir eine regelm\u00e4\u00dfige \u00dcberpr\u00fcfung der Kontobewegungen.\u00a0<\/span><span data-ccp-props=\"{}\">\u00a0<\/span><\/p><p><span data-contrast=\"auto\">In enger Zusammenarbeit mit Sicherheitsexperten und Beh\u00f6rden tun wir alles, um die Situation unter Kontrolle und die Sch\u00e4den so gering wie m\u00f6glich zu halten. Wir haben das Bayerische Landesamt f\u00fcr Datenschutzaufsicht informiert und Strafanzeige beim Bayerischen Landeskriminalamt erstattet; die f\u00fcr Cybercrime zust\u00e4ndige Generalstaatsanwaltschaft in Bamberg f\u00fchrt das Ermittlungsverfahren. Leider ist es in F\u00e4llen wie diesen nur selten m\u00f6glich, T\u00e4ter zu ermitteln und zu verurteilen.\u00a0<\/span><span data-ccp-props=\"{&quot;335559738&quot;:240,&quot;335559739&quot;:240}\">\u00a0<\/span><\/p><p><span data-contrast=\"auto\">Wir entschuldigen uns aufrichtig bei allen, die m\u00f6glicherweise betroffen sind.\u00a0<\/span><span data-ccp-props=\"{&quot;335559738&quot;:240,&quot;335559739&quot;:240}\">\u00a0<\/span><\/p><p><span data-contrast=\"auto\">Die j\u00fcngsten Ereignisse haben uns dazu veranlasst, Bestehendes neu zu denken. Wir nutzen die Situation gezielt, um Verbesserungen in zentralen Bereichen wie dem Fleetshop und unseren internen Abl\u00e4ufen voranzutreiben. Auch wenn die Arbeiten noch andauern, m\u00f6chten wir Sie wissen lassen: Wir haben die Herausforderung erkannt und setzen alles daran, Ihnen k\u00fcnftig noch zuverl\u00e4ssigere und effizientere L\u00f6sungen bereitzustellen.<\/span><span data-ccp-props=\"{&quot;335559738&quot;:240,&quot;335559739&quot;:240}\">\u00a0<\/span><\/p><p><span data-contrast=\"auto\">Die Sicherheit und das Vertrauen unserer Kunden und Partner haben f\u00fcr uns h\u00f6chste Priorit\u00e4t. Wir halten Sie \u00fcber alle relevanten Entwicklungen auf dem Laufenden und danken Ihnen f\u00fcr Ihr Verst\u00e4ndnis und Ihre Unterst\u00fctzung. Gemeinsam gehen wir gest\u00e4rkt aus dieser Situation hervor und freuen uns darauf, Ihnen in Zukunft noch besseren Service zu bieten.\u00a0<\/span><span data-ccp-props=\"{&quot;335559738&quot;:240,&quot;335559739&quot;:240}\">\u00a0<\/span><\/p><p><span data-contrast=\"auto\">Sollten Sie weitere Fragen haben, wenden Sie sich gerne an <\/span><a href=\"mailto:datenschutz@choice.de\"><span data-contrast=\"none\">datenschutz@choice.de<\/span><\/a><span data-contrast=\"auto\">.<\/span><span data-ccp-props=\"{&quot;335559738&quot;:240,&quot;335559739&quot;:240}\">\u00a0<\/span><\/p><p><span data-contrast=\"auto\">Der Vorstand der Choice AG<\/span><span data-ccp-props=\"{&quot;335559738&quot;:240,&quot;335559739&quot;:240}\">\u00a0<\/span><\/p>\t\t\t\t\t\t\t\t<\/div>\n\t\t\t\t<\/div>\n\t\t\t\t\t<\/div>\n\t\t\t\t<\/div>\n\t\t\t\t<\/div>\n\t\t","protected":false},"excerpt":{"rendered":"<p>Cyberangriff mit Datendiebstahl auf die Choice AG. Die Choice AG wurde k\u00fcrzlich Opfer eines Cyberangriffs. In einer Zeit, in der solche Vorf\u00e4lle leider immer h\u00e4ufiger vorkommen, ist es uns wichtig, transparent zu kommunizieren und entschlossen zu handeln. Trotz unserer bereits hohen Sicherheitsstandards ist es den Angreifern gelungen, in unsere Systeme einzudringen und Daten zu entwenden.\u00a0 [&hellip;]<\/p>\n","protected":false},"author":2,"featured_media":0,"parent":0,"menu_order":0,"comment_status":"closed","ping_status":"closed","template":"","meta":{"footnotes":""},"class_list":["post-11910","page","type-page","status-publish","hentry"],"yoast_head":"<!-- This site is optimized with the Yoast SEO Premium plugin v25.3.1 (Yoast SEO v25.3.1) - https:\/\/yoast.com\/wordpress\/plugins\/seo\/ -->\n<title>Imprint | Choice AG - Legal information<\/title>\n<meta name=\"description\" content=\"Find all legal information about Choice AG according to \u00a7 5 TMG here. Discover now &gt;&gt;\" \/>\n<meta name=\"robots\" content=\"noindex, nofollow\" \/>\n<meta property=\"og:locale\" content=\"en_US\" \/>\n<meta property=\"og:type\" content=\"article\" \/>\n<meta property=\"og:title\" content=\"Imprint\" \/>\n<meta property=\"og:description\" content=\"Find all legal information about Choice AG according to \u00a7 5 TMG here. Discover now &gt;&gt;\" \/>\n<meta property=\"og:url\" content=\"https:\/\/choice.de\/en\/imprint-2\/\" \/>\n<meta property=\"og:site_name\" content=\"Choice.de\" \/>\n<meta property=\"article:publisher\" content=\"https:\/\/www.facebook.com\/choice.mobilitysolutions\" \/>\n<meta property=\"article:modified_time\" content=\"2025-07-11T13:39:57+00:00\" \/>\n<meta name=\"twitter:card\" content=\"summary_large_image\" \/>\n<meta name=\"twitter:label1\" content=\"Est. reading time\" \/>\n\t<meta name=\"twitter:data1\" content=\"2 minutes\" \/>\n<script type=\"application\/ld+json\" class=\"yoast-schema-graph\">{\"@context\":\"https:\/\/schema.org\",\"@graph\":[{\"@type\":\"WebPage\",\"@id\":\"https:\/\/choice.de\/en\/imprint-2\/\",\"url\":\"https:\/\/choice.de\/en\/imprint-2\/\",\"name\":\"Imprint | Choice AG - Legal information\",\"isPartOf\":{\"@id\":\"https:\/\/choice.de\/en\/#website\"},\"datePublished\":\"2025-07-11T10:58:29+00:00\",\"dateModified\":\"2025-07-11T13:39:57+00:00\",\"description\":\"Find all legal information about Choice AG according to \u00a7 5 TMG here. Discover now >>\",\"breadcrumb\":{\"@id\":\"https:\/\/choice.de\/en\/imprint-2\/#breadcrumb\"},\"inLanguage\":\"en-US\",\"potentialAction\":[{\"@type\":\"ReadAction\",\"target\":[\"https:\/\/choice.de\/en\/imprint-2\/\"]}]},{\"@type\":\"BreadcrumbList\",\"@id\":\"https:\/\/choice.de\/en\/imprint-2\/#breadcrumb\",\"itemListElement\":[{\"@type\":\"ListItem\",\"position\":1,\"name\":\"Home\",\"item\":\"https:\/\/choice.de\/en\/\"},{\"@type\":\"ListItem\",\"position\":2,\"name\":\"Imprint\"}]},{\"@type\":\"WebSite\",\"@id\":\"https:\/\/choice.de\/en\/#website\",\"url\":\"https:\/\/choice.de\/en\/\",\"name\":\"Choice.de\",\"description\":\"\",\"publisher\":{\"@id\":\"https:\/\/choice.de\/en\/#organization\"},\"potentialAction\":[{\"@type\":\"SearchAction\",\"target\":{\"@type\":\"EntryPoint\",\"urlTemplate\":\"https:\/\/choice.de\/en\/?s={search_term_string}\"},\"query-input\":{\"@type\":\"PropertyValueSpecification\",\"valueRequired\":true,\"valueName\":\"search_term_string\"}}],\"inLanguage\":\"en-US\"},{\"@type\":\"Organization\",\"@id\":\"https:\/\/choice.de\/en\/#organization\",\"name\":\"Choice.de\",\"url\":\"https:\/\/choice.de\/en\/\",\"logo\":{\"@type\":\"ImageObject\",\"inLanguage\":\"en-US\",\"@id\":\"https:\/\/choice.de\/en\/#\/schema\/logo\/image\/\",\"url\":\"https:\/\/choice.de\/wp-content\/uploads\/2020\/02\/Logo.svg\",\"contentUrl\":\"https:\/\/choice.de\/wp-content\/uploads\/2020\/02\/Logo.svg\",\"width\":348.73,\"height\":79.16,\"caption\":\"Choice.de\"},\"image\":{\"@id\":\"https:\/\/choice.de\/en\/#\/schema\/logo\/image\/\"},\"sameAs\":[\"https:\/\/www.facebook.com\/choice.mobilitysolutions\",\"https:\/\/www.instagram.com\/choice_mobility\",\"https:\/\/www.youtube.com\/@choice.mobility\",\"https:\/\/www.linkedin.com\/company\/choice-ag\/\"]}]}<\/script>\n<!-- \/ Yoast SEO Premium plugin. -->","yoast_head_json":{"title":"Imprint | Choice AG - Legal information","description":"Find all legal information about Choice AG according to \u00a7 5 TMG here. Discover now >>","robots":{"index":"noindex","follow":"nofollow"},"og_locale":"en_US","og_type":"article","og_title":"Imprint","og_description":"Find all legal information about Choice AG according to \u00a7 5 TMG here. Discover now >>","og_url":"https:\/\/choice.de\/en\/imprint-2\/","og_site_name":"Choice.de","article_publisher":"https:\/\/www.facebook.com\/choice.mobilitysolutions","article_modified_time":"2025-07-11T13:39:57+00:00","twitter_card":"summary_large_image","twitter_misc":{"Est. reading time":"2 minutes"},"schema":{"@context":"https:\/\/schema.org","@graph":[{"@type":"WebPage","@id":"https:\/\/choice.de\/en\/imprint-2\/","url":"https:\/\/choice.de\/en\/imprint-2\/","name":"Imprint | Choice AG - Legal information","isPartOf":{"@id":"https:\/\/choice.de\/en\/#website"},"datePublished":"2025-07-11T10:58:29+00:00","dateModified":"2025-07-11T13:39:57+00:00","description":"Find all legal information about Choice AG according to \u00a7 5 TMG here. Discover now >>","breadcrumb":{"@id":"https:\/\/choice.de\/en\/imprint-2\/#breadcrumb"},"inLanguage":"en-US","potentialAction":[{"@type":"ReadAction","target":["https:\/\/choice.de\/en\/imprint-2\/"]}]},{"@type":"BreadcrumbList","@id":"https:\/\/choice.de\/en\/imprint-2\/#breadcrumb","itemListElement":[{"@type":"ListItem","position":1,"name":"Home","item":"https:\/\/choice.de\/en\/"},{"@type":"ListItem","position":2,"name":"Imprint"}]},{"@type":"WebSite","@id":"https:\/\/choice.de\/en\/#website","url":"https:\/\/choice.de\/en\/","name":"Choice.de","description":"","publisher":{"@id":"https:\/\/choice.de\/en\/#organization"},"potentialAction":[{"@type":"SearchAction","target":{"@type":"EntryPoint","urlTemplate":"https:\/\/choice.de\/en\/?s={search_term_string}"},"query-input":{"@type":"PropertyValueSpecification","valueRequired":true,"valueName":"search_term_string"}}],"inLanguage":"en-US"},{"@type":"Organization","@id":"https:\/\/choice.de\/en\/#organization","name":"Choice.de","url":"https:\/\/choice.de\/en\/","logo":{"@type":"ImageObject","inLanguage":"en-US","@id":"https:\/\/choice.de\/en\/#\/schema\/logo\/image\/","url":"https:\/\/choice.de\/wp-content\/uploads\/2020\/02\/Logo.svg","contentUrl":"https:\/\/choice.de\/wp-content\/uploads\/2020\/02\/Logo.svg","width":348.73,"height":79.16,"caption":"Choice.de"},"image":{"@id":"https:\/\/choice.de\/en\/#\/schema\/logo\/image\/"},"sameAs":["https:\/\/www.facebook.com\/choice.mobilitysolutions","https:\/\/www.instagram.com\/choice_mobility","https:\/\/www.youtube.com\/@choice.mobility","https:\/\/www.linkedin.com\/company\/choice-ag\/"]}]}},"_links":{"self":[{"href":"https:\/\/choice.de\/en\/wp-json\/wp\/v2\/pages\/11910","targetHints":{"allow":["GET"]}}],"collection":[{"href":"https:\/\/choice.de\/en\/wp-json\/wp\/v2\/pages"}],"about":[{"href":"https:\/\/choice.de\/en\/wp-json\/wp\/v2\/types\/page"}],"author":[{"embeddable":true,"href":"https:\/\/choice.de\/en\/wp-json\/wp\/v2\/users\/2"}],"replies":[{"embeddable":true,"href":"https:\/\/choice.de\/en\/wp-json\/wp\/v2\/comments?post=11910"}],"version-history":[{"count":15,"href":"https:\/\/choice.de\/en\/wp-json\/wp\/v2\/pages\/11910\/revisions"}],"predecessor-version":[{"id":12013,"href":"https:\/\/choice.de\/en\/wp-json\/wp\/v2\/pages\/11910\/revisions\/12013"}],"wp:attachment":[{"href":"https:\/\/choice.de\/en\/wp-json\/wp\/v2\/media?parent=11910"}],"curies":[{"name":"wp","href":"https:\/\/api.w.org\/{rel}","templated":true}]}}